{"id":5166,"date":"2024-03-18T14:22:33","date_gmt":"2024-03-18T14:22:33","guid":{"rendered":"https:\/\/agilitygroup.al\/?page_id=5166"},"modified":"2024-04-26T09:21:55","modified_gmt":"2024-04-26T09:21:55","slug":"kreu","status":"publish","type":"page","link":"https:\/\/agilitygroup.al\/en\/kreu\/","title":{"rendered":"Home"},"content":{"rendered":"[vc_row iw_layout=\u201dwide-bg\u201d css=\u201d.vc_custom_1709394926992{margin-top: -400px !important;margin-bottom: 125px !important;}\u201d el_class=\u201drow-in-revo-slider\u201d][vc_column][vc_row_inner css=\u201d.vc_custom_1528167861332{margin-bottom: 40px !important;}\u201d][vc_column_inner][iwj_advanced_search style=\u201dstyle3\u2033][\/vc_column_inner][\/vc_row_inner][\/vc_column][\/vc_row][vc_row iw_layout=\u201dwide-bg\u201d css=\u201d.vc_custom_1710006603247{margin-bottom: 105px !important;padding-top: 150px !important;}\u201d][vc_column][inwave_heading preview_style_1=\u201d\u201d title=\u201dK\u00ebtu do t\u00eb gjeni pun\u00ebn q\u00eb d\u00ebshironi!\u201d description=\u201dKompania jon\u00eb ka nj\u00eb eksperinc\u00eb shum\u00eb t\u00eb suksesshme dhe t\u00eb vlefshme n\u00eb tregun e pun\u00ebs.\u201d align=\u201dcenter\u201d font_weight_title=\u201d300\u2033 css=\u201d.vc_custom_1710006799724{margin-bottom: 50px !important;}\u201d][inwave_tabs layout=\u201dlayout4\u2033 preview_style4=\u201d\u201d][inwave_tab_container title=\u201dPun\u00ebt kryesore\u201d][iwj_jobs_list preview_style_1=\u201d\u201d filter=\u201dfeatured\u201d number_column=\u201d2\u2033][\/inwave_tab_container][inwave_tab_container title=\u201dPun\u00ebt e rekomanduara\u201d][iwj_jobs_list preview_style_1=\u201d\u201d filter=\u201drecommend\u201d number_column=\u201d2\u2033][\/inwave_tab_container][\/inwave_tabs][inwave_button style=\u201dbutton3\u2033 button_text=\u201dbrowse all jobs\u201d icon_item=\u201dfa fa-arrow-circle-right\u201d align=\u201dcenter\u201d][\/vc_column][\/vc_row][vc_row iw_layout=\u201dwide-bg\u201d iw_parallax=\u201d1\u2033 el_class=\u201dtheme-bg\u201d css=\u201d.vc_custom_1528512768497{padding-top: 100px !important;padding-bottom: 350px !important;background-image: url(https:\/\/agilitygroup.al\/wp-content\/uploads\/2018\/05\/company_cover_12.jpg?id=4366) !important;}\u201d][vc_column][inwave_heading preview_style_1=\u201d\u201d title=\u201dFeatured Companies\u201d description=\u201dCompose the perfect website. No design \/\/\/ experience necessary\u201d align=\u201dcenter\u201d color_title=\u201d#ffffff\u201d font_size_title=\u201d16px\u201d font_weight_title=\u201d300\u2033 text_transform_title=\u201duppercase\u201d color_description=\u201d#ffffff\u201d font_size_description=\u201d36px\u201d font_family_description=\u201dMontserrat\u201d font_weight_description=\u201d300\u2033 line_height_description=\u201d42px\u201d][\/vc_column][\/vc_row][vc_row iw_layout=\u201dwide-bg\u201d css=\u201d.vc_custom_1528602002357{margin-top: -245px !important;}\u201d][vc_column][iwj_employers_slider style=\u201dstyle3\u2033 limit=\u201d9\u2033 items_desktop=\u201d3\u2033 items_desktop_small=\u201d2\u2033 items_tablet=\u201d2\u2033][\/vc_column][\/vc_row][vc_row][vc_column][inwave_heading preview_style_1=\u201d\u201d title=\u201dP\u00ebrse ne?\u201d description=\u201dLorem ipsum dolor sit amet, consectetur adipiscing elit ellentesque dignissim quam et \/\/\/ metus effici turac fringilla lorem facilisis.\u201d align=\u201dcenter\u201d font_weight_title=\u201d300\u2033 color_description=\u201d#777777\u2033 css=\u201d.vc_custom_1710008864006{margin-top: 75px !important;margin-bottom: 75px !important;}\u201d][\/vc_column][\/vc_row][vc_row iw_layout=\u201dwide-bg\u201d css=\u201d.vc_custom_1710771727840{padding-bottom: 70px !important;background-image: url(https:\/\/agilitygroup.al\/wp-content\/uploads\/2018\/05\/bg-testimonial.png?id=4114) !important;}\u201d][vc_column][vc_row_inner css=\u201d.vc_custom_1527128377224{margin-bottom: 70px !important;}\u201d][vc_column_inner width=\u201d1\/3\u2033][inwave_item_info style=\u201dstyle5\u2033 preview_style5=\u201d\u201d title=\u201dFree and Paid Membership\u201d description=\u201dMorbi quam enim, cursus non erat pretium veh icula finibus ex stibulum venenatis viverra dui\u201d icon_item=\u201dicon-injob-analytics\u201d][\/vc_column_inner][vc_column_inner width=\u201d1\/3\u2033][inwave_item_info style=\u201dstyle5\u2033 preview_style5=\u201d\u201d title=\u201dBuild resume Online\u201d description=\u201dMorbi quam enim, cursus non erat pretium veh icula finibus ex stibulum venenatis viverra dui\u201d icon_item=\u201dicon-injob-resume-4\u2033 icon_more=\u201dfa fa-heart\u201d][\/vc_column_inner][vc_column_inner width=\u201d1\/3\u2033][inwave_item_info style=\u201dstyle5\u2033 preview_style5=\u201d\u201d title=\u201dJob Suggestions\u201d description=\u201dMorbi quam enim, cursus non erat pretium veh icula finibus ex stibulum venenatis viverra dui\u201d icon_item=\u201dicon-injob-email\u201d][\/vc_column_inner][\/vc_row_inner][inwave_testimonials item_active=\u201d3\u2033 css=\u201d.vc_custom_1527304779305{margin-right: 100px !important;margin-bottom: 70px !important;margin-left: 100px !important;}\u201d][inwave_testimonial_item style=\u201dstyle4\u2033 name=\u201dIsabel Kirkland\u201d position=\u201dWeb designer\u201d image=\u201d1190\u2033]This is the best job-board theme that our company has come across! We have tried quite a few, but this one has met all of our needs and more. The support team is very helpful and extremely responsive too.[\/inwave_testimonial_item][inwave_testimonial_item style=\u201dstyle4\u2033 name=\u201dMonroe Bond\u201d position=\u201dEnvato Buyer\u201d image=\u201d1139\u2033]Super Theme. Simple, attractive design. Many options as well as upgrade options. I am very satisfied with the technical support, quick and concrete answers to all the questions I have.[\/inwave_testimonial_item][inwave_testimonial_item style=\u201dstyle4\u2033 name=\u201dCielo Luna\u201d position=\u201dEnvato Buyer\u201d image=\u201d1022\u2033]\n<p class=\"t-body h-my1\">I have just purchased this theme so have selected Other as so far customer service, design and features are great. I haven\u2019t really begun using this yet so will add to my comment once i have had a good look around.<\/p>\n[\/inwave_testimonial_item][inwave_testimonial_item style=\u201dstyle4\u2033 name=\u201dSteeve 974\u2033 position=\u201dEnvato Buyer\u201d image=\u201d883\u2033]\n<p class=\"t-body h-my1\">Great theme!\u00a0Many features, flexibility, very nice design, team support very helpful.<\/p>\n<p class=\"t-body h-my1\">The theme I was looking for to my job board.<\/p>\n[\/inwave_testimonial_item][\/inwave_testimonials][\/vc_column][\/vc_row][vc_row iw_layout=\u201dwide-bg\u201d iw_parallax=\u201d1\u2033 iw_parallax_overlay=\u201d0.95\u2033 css=\u201d.vc_custom_1527306387633{padding-top: 130px !important;padding-bottom: 125px !important;background: #2980b9 url(https:\/\/agilitygroup.al\/wp-content\/uploads\/2018\/05\/home-parrallax-bg.jpg?id=4256) !important;background-position: center !important;background-repeat: no-repeat !important;background-size: cover !important;}\u201d el_class=\u201dtheme-bg\u201d][vc_column][inwave_funfact_list style=\u201dstyle2\u2033][inwave_funfact style=\u201dstyle3\u2033 preview_style3=\u201d\u201d number=\u201d300\u2033 title=\u201dPUNONJES\u201d suffix=\u201d+\u201d icon=\u201dicon-injob-list\u201d][inwave_funfact style=\u201dstyle3\u2033 preview_style3=\u201d\u201d number=\u201d20\u2033 title=\u201dBiznese\u201d suffix=\u201d+\u201d icon=\u201dicon-injob-cv\u201d][inwave_funfact style=\u201dstyle3\u2033 preview_style3=\u201d\u201d number=\u201d5\u2033 title=\u201dSHTETE\u201d suffix=\u201d+\u201d icon=\u201dicon-injob-briefcase\u201d][inwave_funfact style=\u201dstyle3\u2033 preview_style3=\u201d\u201d number=\u201d20\u2033 title=\u201dSHERBIME\u201d suffix=\u201d+\u201d icon=\u201dicon-injob-handshake\u201d][\/inwave_funfact_list][\/vc_column][\/vc_row][vc_row iw_layout=\u201dwide-bg\u201d css=\u201d.vc_custom_1527128502355{padding-top: 95px !important;padding-bottom: 105px !important;background-color: #ffffff !important;}\u201d][vc_column][inwave_heading preview_style_1=\u201d\u201d title=\u201dFeatured Candidate\u201d description=\u201dOur friendly team helps companies of all sizes hire the best talent and offers the best opportunity for job seekers to get hired.\u201d align=\u201dcenter\u201d font_weight_title=\u201d300\u2033 color_description=\u201d#777777\u2033 css=\u201d.vc_custom_1527307168427{margin-bottom: 75px !important;}\u201d][iwj_recent_resumes limit=\u201d8\u2033][inwave_button style=\u201dbutton3\u2033 button_text=\u201dall candidates\u201d icon_item=\u201dfa fa-arrow-circle-right\u201d align=\u201dcenter\u201d css=\u201d.vc_custom_1529030534591{margin-top: 50px !important;}\u201d][\/vc_column][\/vc_row][vc_row iw_layout=\u201dwide-bg\u201d css=\u201d.vc_custom_1527071317799{padding-bottom: 80px !important;}\u201d][vc_column][inwave_heading preview_style_1=\u201d\u201d title=\u201dOur expert advices\u201d description=\u201dWe\u2019ll always match you up with opportunities that are the right fit\u201d align=\u201dcenter\u201d font_weight_title=\u201d300\u2033 css=\u201d.vc_custom_1527307043310{margin-top: 90px !important;margin-bottom: 70px !important;}\u201d][inwave_posts style=\u201dstyle2\u2033 number_column=\u201d3\u2033][\/vc_column][\/vc_row]\n","protected":false},"excerpt":{"rendered":"<p>[vc_row iw_layout=\u201dwide-bg\u201d css=\u201d.vc_custom_1709394926992{margin-top: -400px !important;margin-bottom: 125px !important;}\u201d el_class=\u201drow-in-revo-slider\u201d][vc_column][vc_row_inner css=\u201d.vc_custom_1528167861332{margin-bottom: 40px !important;}\u201d][vc_column_inner][iwj_advanced_search style=\u201dstyle3\u2033][\/vc_column_inner][\/vc_row_inner][\/vc_column][\/vc_row][vc_row iw_layout=\u201dwide-bg\u201d css=\u201d.vc_custom_1710006603247{margin-bottom: 105px !important;padding-top: 150px !important;}\u201d][vc_column][inwave_heading preview_style_1=\u201d\u201d title=\u201dK\u00ebtu do t\u00eb gjeni pun\u00ebn q\u00eb d\u00ebshironi!\u201d description=\u201dKompania jon\u00eb ka nj\u00eb [&hellip;]<\/p>\n","protected":false},"author":1,"featured_media":0,"parent":0,"menu_order":0,"comment_status":"closed","ping_status":"closed","template":"page-templates\/home-page.php","meta":{"_price":"","_stock":"","_tribe_ticket_header":"","_tribe_default_ticket_provider":"","_tribe_ticket_capacity":"0","_ticket_start_date":"","_ticket_end_date":"","_tribe_ticket_show_description":"","_tribe_ticket_show_not_going":false,"_tribe_ticket_use_global_stock":"","_tribe_ticket_global_stock_level":"","_global_stock_mode":"","_global_stock_cap":"","_tribe_rsvp_for_event":"","_tribe_ticket_going_count":"","_tribe_ticket_not_going_count":"","_tribe_tickets_list":"[]","_tribe_ticket_has_attendee_info_fields":false,"footnotes":"","_tec_slr_enabled":"","_tec_slr_layout":""},"class_list":["post-5166","page","type-page","status-publish","hentry"],"yoast_head":"<!-- This site is optimized with the Yoast SEO plugin v27.5 - https:\/\/yoast.com\/product\/yoast-seo-wordpress\/ -->\n<title>Kreu - AGA - Agility Group Albania<\/title>\n<meta name=\"robots\" content=\"index, follow, max-snippet:-1, max-image-preview:large, max-video-preview:-1\" \/>\n<link rel=\"canonical\" href=\"https:\/\/agilitygroup.al\/en\/kreu\/\" \/>\n<meta property=\"og:locale\" content=\"en_US\" \/>\n<meta property=\"og:type\" content=\"article\" \/>\n<meta property=\"og:title\" content=\"Kreu - AGA - Agility Group Albania\" \/>\n<meta property=\"og:description\" content=\"[vc_row iw_layout=\u201dwide-bg\u201d css=\u201d.vc_custom_1709394926992{margin-top: -400px !important;margin-bottom: 125px !important;}\u201d el_class=\u201drow-in-revo-slider\u201d][vc_column][vc_row_inner css=\u201d.vc_custom_1528167861332{margin-bottom: 40px !important;}\u201d][vc_column_inner][iwj_advanced_search style=\u201dstyle3\u2033][\/vc_column_inner][\/vc_row_inner][\/vc_column][\/vc_row][vc_row iw_layout=\u201dwide-bg\u201d css=\u201d.vc_custom_1710006603247{margin-bottom: 105px !important;padding-top: 150px !important;}\u201d][vc_column][inwave_heading preview_style_1=\u201d\u201d title=\u201dK\u00ebtu do t\u00eb gjeni pun\u00ebn q\u00eb d\u00ebshironi!\u201d description=\u201dKompania jon\u00eb ka nj\u00eb [&hellip;]\" \/>\n<meta property=\"og:url\" content=\"https:\/\/agilitygroup.al\/en\/kreu\/\" \/>\n<meta property=\"og:site_name\" content=\"AGA - Agility Group Albania\" \/>\n<meta property=\"article:modified_time\" content=\"2024-04-26T09:21:55+00:00\" \/>\n<meta name=\"twitter:card\" content=\"summary_large_image\" \/>\n<meta name=\"twitter:label1\" content=\"Est. reading time\" \/>\n\t<meta name=\"twitter:data1\" content=\"3 minutes\" \/>\n<script type=\"application\/ld+json\" class=\"yoast-schema-graph\">{\"@context\":\"https:\\\/\\\/schema.org\",\"@graph\":[{\"@type\":\"WebPage\",\"@id\":\"https:\\\/\\\/agilitygroup.al\\\/kreu\\\/\",\"url\":\"https:\\\/\\\/agilitygroup.al\\\/kreu\\\/\",\"name\":\"Kreu - AGA - Agility Group Albania\",\"isPartOf\":{\"@id\":\"https:\\\/\\\/agilitygroup.al\\\/#website\"},\"datePublished\":\"2024-03-18T14:22:33+00:00\",\"dateModified\":\"2024-04-26T09:21:55+00:00\",\"breadcrumb\":{\"@id\":\"https:\\\/\\\/agilitygroup.al\\\/kreu\\\/#breadcrumb\"},\"inLanguage\":\"en-US\",\"potentialAction\":[{\"@type\":\"ReadAction\",\"target\":[\"https:\\\/\\\/agilitygroup.al\\\/kreu\\\/\"]}]},{\"@type\":\"BreadcrumbList\",\"@id\":\"https:\\\/\\\/agilitygroup.al\\\/kreu\\\/#breadcrumb\",\"itemListElement\":[{\"@type\":\"ListItem\",\"position\":1,\"name\":\"Home\",\"item\":\"https:\\\/\\\/agilitygroup.al\\\/\"},{\"@type\":\"ListItem\",\"position\":2,\"name\":\"Kreu\"}]},{\"@type\":\"WebSite\",\"@id\":\"https:\\\/\\\/agilitygroup.al\\\/#website\",\"url\":\"https:\\\/\\\/agilitygroup.al\\\/\",\"name\":\"AGA - Agility Group Albania\",\"description\":\"Recruitment made easy\",\"publisher\":{\"@id\":\"https:\\\/\\\/agilitygroup.al\\\/#organization\"},\"potentialAction\":[{\"@type\":\"SearchAction\",\"target\":{\"@type\":\"EntryPoint\",\"urlTemplate\":\"https:\\\/\\\/agilitygroup.al\\\/?s={search_term_string}\"},\"query-input\":{\"@type\":\"PropertyValueSpecification\",\"valueRequired\":true,\"valueName\":\"search_term_string\"}}],\"inLanguage\":\"en-US\"},{\"@type\":\"Organization\",\"@id\":\"https:\\\/\\\/agilitygroup.al\\\/#organization\",\"name\":\"AGA - Agility Group Albania\",\"url\":\"https:\\\/\\\/agilitygroup.al\\\/\",\"logo\":{\"@type\":\"ImageObject\",\"inLanguage\":\"en-US\",\"@id\":\"https:\\\/\\\/agilitygroup.al\\\/#\\\/schema\\\/logo\\\/image\\\/\",\"url\":\"https:\\\/\\\/agilitygroup.al\\\/wp-content\\\/uploads\\\/2024\\\/03\\\/cropped-cropped-Artboard-1-copy-4-1.png\",\"contentUrl\":\"https:\\\/\\\/agilitygroup.al\\\/wp-content\\\/uploads\\\/2024\\\/03\\\/cropped-cropped-Artboard-1-copy-4-1.png\",\"width\":512,\"height\":512,\"caption\":\"AGA - Agility Group Albania\"},\"image\":{\"@id\":\"https:\\\/\\\/agilitygroup.al\\\/#\\\/schema\\\/logo\\\/image\\\/\"},\"sameAs\":[\"https:\\\/\\\/www.linkedin.com\\\/company\\\/agility-group-al\\\/\"]}]}<\/script>\n<!-- \/ Yoast SEO plugin. -->","yoast_head_json":{"title":"Kreu - AGA - Agility Group Albania","robots":{"index":"index","follow":"follow","max-snippet":"max-snippet:-1","max-image-preview":"max-image-preview:large","max-video-preview":"max-video-preview:-1"},"canonical":"https:\/\/agilitygroup.al\/en\/kreu\/","og_locale":"en_US","og_type":"article","og_title":"Kreu - AGA - Agility Group Albania","og_description":"[vc_row iw_layout=\u201dwide-bg\u201d css=\u201d.vc_custom_1709394926992{margin-top: -400px !important;margin-bottom: 125px !important;}\u201d el_class=\u201drow-in-revo-slider\u201d][vc_column][vc_row_inner css=\u201d.vc_custom_1528167861332{margin-bottom: 40px !important;}\u201d][vc_column_inner][iwj_advanced_search style=\u201dstyle3\u2033][\/vc_column_inner][\/vc_row_inner][\/vc_column][\/vc_row][vc_row iw_layout=\u201dwide-bg\u201d css=\u201d.vc_custom_1710006603247{margin-bottom: 105px !important;padding-top: 150px !important;}\u201d][vc_column][inwave_heading preview_style_1=\u201d\u201d title=\u201dK\u00ebtu do t\u00eb gjeni pun\u00ebn q\u00eb d\u00ebshironi!\u201d description=\u201dKompania jon\u00eb ka nj\u00eb [&hellip;]","og_url":"https:\/\/agilitygroup.al\/en\/kreu\/","og_site_name":"AGA - Agility Group Albania","article_modified_time":"2024-04-26T09:21:55+00:00","twitter_card":"summary_large_image","twitter_misc":{"Est. reading time":"3 minutes"},"schema":{"@context":"https:\/\/schema.org","@graph":[{"@type":"WebPage","@id":"https:\/\/agilitygroup.al\/kreu\/","url":"https:\/\/agilitygroup.al\/kreu\/","name":"Kreu - AGA - Agility Group Albania","isPartOf":{"@id":"https:\/\/agilitygroup.al\/#website"},"datePublished":"2024-03-18T14:22:33+00:00","dateModified":"2024-04-26T09:21:55+00:00","breadcrumb":{"@id":"https:\/\/agilitygroup.al\/kreu\/#breadcrumb"},"inLanguage":"en-US","potentialAction":[{"@type":"ReadAction","target":["https:\/\/agilitygroup.al\/kreu\/"]}]},{"@type":"BreadcrumbList","@id":"https:\/\/agilitygroup.al\/kreu\/#breadcrumb","itemListElement":[{"@type":"ListItem","position":1,"name":"Home","item":"https:\/\/agilitygroup.al\/"},{"@type":"ListItem","position":2,"name":"Kreu"}]},{"@type":"WebSite","@id":"https:\/\/agilitygroup.al\/#website","url":"https:\/\/agilitygroup.al\/","name":"AGA - Agility Group Albania","description":"Recruitment made easy","publisher":{"@id":"https:\/\/agilitygroup.al\/#organization"},"potentialAction":[{"@type":"SearchAction","target":{"@type":"EntryPoint","urlTemplate":"https:\/\/agilitygroup.al\/?s={search_term_string}"},"query-input":{"@type":"PropertyValueSpecification","valueRequired":true,"valueName":"search_term_string"}}],"inLanguage":"en-US"},{"@type":"Organization","@id":"https:\/\/agilitygroup.al\/#organization","name":"AGA - Agility Group Albania","url":"https:\/\/agilitygroup.al\/","logo":{"@type":"ImageObject","inLanguage":"en-US","@id":"https:\/\/agilitygroup.al\/#\/schema\/logo\/image\/","url":"https:\/\/agilitygroup.al\/wp-content\/uploads\/2024\/03\/cropped-cropped-Artboard-1-copy-4-1.png","contentUrl":"https:\/\/agilitygroup.al\/wp-content\/uploads\/2024\/03\/cropped-cropped-Artboard-1-copy-4-1.png","width":512,"height":512,"caption":"AGA - Agility Group Albania"},"image":{"@id":"https:\/\/agilitygroup.al\/#\/schema\/logo\/image\/"},"sameAs":["https:\/\/www.linkedin.com\/company\/agility-group-al\/"]}]}},"ticketed":false,"_links":{"self":[{"href":"https:\/\/agilitygroup.al\/en\/wp-json\/wp\/v2\/pages\/5166","targetHints":{"allow":["GET"]}}],"collection":[{"href":"https:\/\/agilitygroup.al\/en\/wp-json\/wp\/v2\/pages"}],"about":[{"href":"https:\/\/agilitygroup.al\/en\/wp-json\/wp\/v2\/types\/page"}],"author":[{"embeddable":true,"href":"https:\/\/agilitygroup.al\/en\/wp-json\/wp\/v2\/users\/1"}],"replies":[{"embeddable":true,"href":"https:\/\/agilitygroup.al\/en\/wp-json\/wp\/v2\/comments?post=5166"}],"version-history":[{"count":2,"href":"https:\/\/agilitygroup.al\/en\/wp-json\/wp\/v2\/pages\/5166\/revisions"}],"predecessor-version":[{"id":5821,"href":"https:\/\/agilitygroup.al\/en\/wp-json\/wp\/v2\/pages\/5166\/revisions\/5821"}],"wp:attachment":[{"href":"https:\/\/agilitygroup.al\/en\/wp-json\/wp\/v2\/media?parent=5166"}],"curies":[{"name":"wp","href":"https:\/\/api.w.org\/{rel}","templated":true}]}}